{"id":146,"date":"2024-05-08T08:32:37","date_gmt":"2024-05-08T06:32:37","guid":{"rendered":"https:\/\/leszczawadolna.przemyska.pl\/?page_id=146"},"modified":"2024-05-08T08:35:14","modified_gmt":"2024-05-08T06:35:14","slug":"realizowany-projekt","status":"publish","type":"page","link":"https:\/\/leszczawadolna.przemyska.pl\/index.php\/realizowany-projekt\/","title":{"rendered":"Realizowany projekt"},"content":{"rendered":"\t\t<div data-elementor-type=\"wp-page\" data-elementor-id=\"146\" class=\"elementor elementor-146\">\n\t\t\t\t\t\t\t<div class=\"elementor-element elementor-element-e546f16 e-flex e-con-boxed e-con e-parent\" data-id=\"e546f16\" data-element_type=\"container\" data-settings=\"{&quot;content_width&quot;:&quot;boxed&quot;}\" data-core-v316-plus=\"true\">\n\t\t\t\t\t<div class=\"e-con-inner\">\n\t\t\t\t<div class=\"elementor-element elementor-element-5e5a29e elementor-widget elementor-widget-image\" data-id=\"5e5a29e\" data-element_type=\"widget\" data-widget_type=\"image.default\">\n\t\t\t\t<div class=\"elementor-widget-container\">\n\t\t\t<style>\/*! elementor - v3.18.0 - 08-12-2023 *\/\n.elementor-widget-image{text-align:center}.elementor-widget-image a{display:inline-block}.elementor-widget-image a img[src$=\".svg\"]{width:48px}.elementor-widget-image img{vertical-align:middle;display:inline-block}<\/style>\t\t\t\t\t\t\t\t\t\t\t\t<img decoding=\"async\" width=\"257\" height=\"109\" src=\"https:\/\/leszczawadolna.przemyska.pl\/wp-content\/uploads\/2024\/05\/PFRON-LOGO.jpg\" class=\"attachment-large size-large wp-image-150\" alt=\"\" \/>\t\t\t\t\t\t\t\t\t\t\t\t\t\t\t<\/div>\n\t\t\t\t<\/div>\n\t\t\t\t\t<\/div>\n\t\t\t\t<\/div>\n\t\t<div class=\"elementor-element elementor-element-fa41568 e-flex e-con-boxed e-con e-parent\" data-id=\"fa41568\" data-element_type=\"container\" data-settings=\"{&quot;content_width&quot;:&quot;boxed&quot;}\" data-core-v316-plus=\"true\">\n\t\t\t\t\t<div class=\"e-con-inner\">\n\t\t\t\t<div class=\"elementor-element elementor-element-f95658c elementor-widget elementor-widget-text-editor\" data-id=\"f95658c\" data-element_type=\"widget\" data-widget_type=\"text-editor.default\">\n\t\t\t\t<div class=\"elementor-widget-container\">\n\t\t\t<style>\/*! elementor - v3.18.0 - 08-12-2023 *\/\n.elementor-widget-text-editor.elementor-drop-cap-view-stacked .elementor-drop-cap{background-color:#69727d;color:#fff}.elementor-widget-text-editor.elementor-drop-cap-view-framed .elementor-drop-cap{color:#69727d;border:3px solid;background-color:transparent}.elementor-widget-text-editor:not(.elementor-drop-cap-view-default) .elementor-drop-cap{margin-top:8px}.elementor-widget-text-editor:not(.elementor-drop-cap-view-default) .elementor-drop-cap-letter{width:1em;height:1em}.elementor-widget-text-editor .elementor-drop-cap{float:left;text-align:center;line-height:1;font-size:50px}.elementor-widget-text-editor .elementor-drop-cap-letter{display:inline-block}<\/style>\t\t\t\t<p class=\"MsoNormal\" style=\"text-align: justify;\"><b>Parafia Rzymsko-Katolicka pw. Narodzenia \u015aw. Jana Chrzciciela w Leszczawie Dolnej<\/b> <br \/>realizuje projekt pn. \u201eDost\u0119pna przestrze\u0144 publiczna &#8211; zapewnienie dost\u0119pno\u015bci do ko\u015bcio\u0142a parafialnego\u00a0 w Leszczawie Dolnej <b>dofinansowany z funduszy PFRON w ramach programu \u201eDost\u0119pna przestrze\u0144 publiczna\u201d<\/b><\/p><p class=\"MsoNormal\" style=\"margin-bottom: 0cm; text-align: justify;\"><b>Celem projektu <\/b>jest zapewnienie osobom z niepe\u0142nosprawno\u015bciami dost\u0119pu do przestrzeni publicznej, us\u0142ug powszechnie dost\u0119pnych oraz powszechnie zapewnianych, na zasadzie r\u00f3wno\u015bci z innymi osobami.<\/p><p class=\"MsoNormal\" style=\"margin-bottom: 0cm; text-align: justify;\">Realizacja celu pozwoli na pe\u0142ny udzia\u0142 w \u017cyciu spo\u0142ecznym os\u00f3b z niepe\u0142nosprawno\u015bciami.<\/p><p class=\"MsoNormal\" style=\"margin-bottom: 0cm; text-align: justify;\">\u00a0<\/p><p class=\"MsoNormal\" style=\"text-align: justify;\">Projekt realizowany jest w okresie <b>od dnia 06.12.2023r. do dnia 16.12.2024r.<\/b><\/p><p class=\"MsoNormal\" style=\"text-align: justify;\">Dzia\u0142ania realizowane w ramach projektu to dzia\u0142ania w zakresie dostosowania infrastruktury publicznej do potrzeb os\u00f3b z niepe\u0142nosprawno\u015bci\u0105, poprzez wykonanie nast\u0119puj\u0105cych dostosowa\u0144:<\/p><p class=\"MsoListParagraphCxSpFirst\" style=\"text-align: justify; text-indent: -18.0pt; mso-list: l0 level1 lfo1;\"><!-- [if !supportLists]-->1.<span style=\"font-variant-numeric: normal; font-variant-east-asian: normal; font-variant-alternates: normal; font-kerning: auto; font-optical-sizing: auto; font-feature-settings: normal; font-variation-settings: normal; font-variant-position: normal; font-stretch: normal; font-size: 7pt; line-height: normal; font-family: 'Times New Roman';\">\u00a0\u00a0\u00a0\u00a0\u00a0\u00a0 <\/span><!--[endif]-->Wykonanie utwardzenia wok\u00f3\u0142 ko\u015bcio\u0142a &#8211; utwardzenie g\u0142adkie z kostki betonowej g\u0142adkiej prostok\u0105tnej bezfazowej, antypo\u015blizgowej w kolorze szarym.<\/p><p class=\"MsoListParagraphCxSpMiddle\" style=\"text-align: justify; text-indent: -18.0pt; mso-list: l0 level1 lfo1;\"><!-- [if !supportLists]-->2.<span style=\"font-variant-numeric: normal; font-variant-east-asian: normal; font-variant-alternates: normal; font-kerning: auto; font-optical-sizing: auto; font-feature-settings: normal; font-variation-settings: normal; font-variant-position: normal; font-stretch: normal; font-size: 7pt; line-height: normal; font-family: 'Times New Roman';\">\u00a0\u00a0\u00a0\u00a0\u00a0\u00a0 <\/span><!--[endif]-->Wykonanie pochylni dla niepe\u0142nosprawnych przy wej\u015bciu do zakrystii.<\/p><p class=\"MsoListParagraphCxSpMiddle\" style=\"text-align: justify; text-indent: -18.0pt; mso-list: l0 level1 lfo1;\"><!-- [if !supportLists]-->3.<span style=\"font-variant-numeric: normal; font-variant-east-asian: normal; font-variant-alternates: normal; font-kerning: auto; font-optical-sizing: auto; font-feature-settings: normal; font-variation-settings: normal; font-variant-position: normal; font-stretch: normal; font-size: 7pt; line-height: normal; font-family: 'Times New Roman';\">\u00a0\u00a0\u00a0\u00a0\u00a0\u00a0 <\/span><!--[endif]-->Wykonanie schod\u00f3w wej\u015bciowych do ko\u015bcio\u0142a z nawierzchni antypo\u015blizgowej, g\u0142adkiej w kontrastowym kolorze w stosunku do nawierzchni chodnika wok\u00f3\u0142 ko\u015bcio\u0142a, stopnie wyposa\u017cone w kontrastowe oznakowanie tj. pasy na powierzchni pionowe i poziomej.<\/p><p class=\"MsoListParagraphCxSpMiddle\" style=\"text-align: justify; text-indent: -18.0pt; mso-list: l0 level1 lfo1;\"><!-- [if !supportLists]-->4.<span style=\"font-variant-numeric: normal; font-variant-east-asian: normal; font-variant-alternates: normal; font-kerning: auto; font-optical-sizing: auto; font-feature-settings: normal; font-variation-settings: normal; font-variant-position: normal; font-stretch: normal; font-size: 7pt; line-height: normal; font-family: 'Times New Roman';\">\u00a0\u00a0\u00a0\u00a0\u00a0\u00a0 <\/span><!--[endif]-->Wykonanie schod\u00f3w biegn\u0105cych od parkingu do ko\u015bcio\u0142a w kontrastowym kolorze wzgl\u0119dem utwardzenia chodnika biegn\u0105cego wok\u00f3\u0142 budynku ko\u015bcio\u0142a, z kostki betonowej g\u0142adkiej, prostok\u0105tnej bezfazowej antypo\u015blizgowej, stopnie wyposa\u017cone w kontrastowe oznakowanie <br \/>tj. pasy na powierzchni pionowe i poziomej, na szczycie schod\u00f3w oraz ich podn\u00f3\u017ca wykonanie dotykowego oznakowania ostrzegawczego tzw. guzik\u00f3w w odleg\u0142o\u015bci 30 do 50 cm od kraw\u0119dzi schod\u00f3w.<\/p><p class=\"MsoListParagraphCxSpMiddle\" style=\"text-align: justify; text-indent: -18.0pt; mso-list: l0 level1 lfo1;\"><!-- [if !supportLists]-->5.<span style=\"font-variant-numeric: normal; font-variant-east-asian: normal; font-variant-alternates: normal; font-kerning: auto; font-optical-sizing: auto; font-feature-settings: normal; font-variation-settings: normal; font-variant-position: normal; font-stretch: normal; font-size: 7pt; line-height: normal; font-family: 'Times New Roman';\">\u00a0\u00a0\u00a0\u00a0\u00a0\u00a0 <\/span><!--[endif]-->Zamontowanie balustrady schodowej z miejscem informacyjnym z oznakowaniem w j\u0119zyku Braille&#8217;a \u00a0z informacj\u0105 o kierunku, w kt\u00f3rym biegn\u0105 schody.<\/p><p class=\"MsoListParagraphCxSpMiddle\" style=\"text-align: justify; text-indent: -18.0pt; mso-list: l0 level1 lfo1;\"><!-- [if !supportLists]-->6.<span style=\"font-variant-numeric: normal; font-variant-east-asian: normal; font-variant-alternates: normal; font-kerning: auto; font-optical-sizing: auto; font-feature-settings: normal; font-variation-settings: normal; font-variant-position: normal; font-stretch: normal; font-size: 7pt; line-height: normal; font-family: 'Times New Roman';\">\u00a0\u00a0\u00a0\u00a0\u00a0\u00a0 <\/span><!--[endif]-->Zamontowanie przy wej\u015bciu na chodnik znak\u00f3w ostrzegawczych tzw. guzik\u00f3w w formie p\u0142yt betonowych.<\/p><p class=\"MsoListParagraphCxSpMiddle\" style=\"text-align: justify; text-indent: -18.0pt; mso-list: l0 level1 lfo1;\"><!-- [if !supportLists]-->7.<span style=\"font-variant-numeric: normal; font-variant-east-asian: normal; font-variant-alternates: normal; font-kerning: auto; font-optical-sizing: auto; font-feature-settings: normal; font-variation-settings: normal; font-variant-position: normal; font-stretch: normal; font-size: 7pt; line-height: normal; font-family: 'Times New Roman';\">\u00a0\u00a0\u00a0\u00a0\u00a0\u00a0 <\/span><!--[endif]-->Wykonanie miejsca dla niepe\u0142nosprawnych na parkingu przy plebanii.<\/p><p class=\"MsoListParagraphCxSpMiddle\" style=\"text-align: justify; text-indent: -18.0pt; mso-list: l0 level1 lfo1;\"><!-- [if !supportLists]-->8.<span style=\"font-variant-numeric: normal; font-variant-east-asian: normal; font-variant-alternates: normal; font-kerning: auto; font-optical-sizing: auto; font-feature-settings: normal; font-variation-settings: normal; font-variant-position: normal; font-stretch: normal; font-size: 7pt; line-height: normal; font-family: 'Times New Roman';\">\u00a0\u00a0\u00a0\u00a0\u00a0\u00a0 <\/span><!--[endif]-->Dostarczenie i zamontowanie miejsc informacyjnych:<\/p><p class=\"MsoListParagraphCxSpMiddle\" style=\"margin-left: 72.0pt; mso-add-space: auto; text-align: justify; text-indent: -18.0pt; mso-list: l1 level1 lfo2;\"><!-- [if !supportLists]--><span style=\"font-family: Symbol; mso-fareast-font-family: Symbol; mso-bidi-font-family: Symbol;\">\u00b7<span style=\"font-variant-numeric: normal; font-variant-east-asian: normal; font-variant-alternates: normal; font-kerning: auto; font-optical-sizing: auto; font-feature-settings: normal; font-variation-settings: normal; font-variant-position: normal; font-stretch: normal; font-size: 7pt; line-height: normal; font-family: 'Times New Roman';\">\u00a0\u00a0\u00a0\u00a0\u00a0\u00a0\u00a0\u00a0 <\/span><\/span><!--[endif]-->na parkingu \u2013 przy wej\u015bciu na schody &#8211; plan tyflograficzny z zastosowaniem j\u0119zyka Braille&#8217;a, z informacj\u0105 o miejscu,<\/p><p class=\"MsoListParagraphCxSpMiddle\" style=\"margin-left: 72.0pt; mso-add-space: auto; text-align: justify; text-indent: -18.0pt; mso-list: l1 level1 lfo2;\"><!-- [if !supportLists]--><span style=\"font-family: Symbol; mso-fareast-font-family: Symbol; mso-bidi-font-family: Symbol;\">\u00b7<span style=\"font-variant-numeric: normal; font-variant-east-asian: normal; font-variant-alternates: normal; font-kerning: auto; font-optical-sizing: auto; font-feature-settings: normal; font-variation-settings: normal; font-variant-position: normal; font-stretch: normal; font-size: 7pt; line-height: normal; font-family: 'Times New Roman';\">\u00a0\u00a0\u00a0\u00a0\u00a0\u00a0\u00a0\u00a0 <\/span><\/span><!--[endif]-->przy wej\u015bciu na teren ko\u015bcio\u0142a &#8211; plan tyflograficzny z zastosowaniem j\u0119zyka Braille&#8217;a, z informacj\u0105 o ko\u015bciele,<\/p><p class=\"MsoListParagraphCxSpMiddle\" style=\"margin-left: 72.0pt; mso-add-space: auto; text-align: justify; text-indent: -18.0pt; mso-list: l1 level1 lfo2;\"><!-- [if !supportLists]--><span style=\"font-family: Symbol; mso-fareast-font-family: Symbol; mso-bidi-font-family: Symbol;\">\u00b7<span style=\"font-variant-numeric: normal; font-variant-east-asian: normal; font-variant-alternates: normal; font-kerning: auto; font-optical-sizing: auto; font-feature-settings: normal; font-variation-settings: normal; font-variant-position: normal; font-stretch: normal; font-size: 7pt; line-height: normal; font-family: 'Times New Roman';\">\u00a0\u00a0\u00a0\u00a0\u00a0\u00a0\u00a0\u00a0 <\/span><\/span><!--[endif]-->na wysoko\u015bci kapliczki &#8211; plan tyflograficzny z zastosowaniem j\u0119zyka Braille&#8217;a, z informacj\u0105 o kapliczce.<\/p><p class=\"MsoListParagraphCxSpLast\" style=\"margin-left: 72.0pt; mso-add-space: auto; text-align: justify;\">\u00a0<\/p><p>\u00a0<\/p><p class=\"MsoNormal\" style=\"text-align: justify;\">Warto\u015b\u0107 dofinansowania\u00a0 projektu z PFRON wynosi <b>543\u00a0751,90 z\u0142.<\/b><\/p>\t\t\t\t\t\t<\/div>\n\t\t\t\t<\/div>\n\t\t\t\t\t<\/div>\n\t\t\t\t<\/div>\n\t\t<div class=\"elementor-element elementor-element-6b54388 e-flex e-con-boxed e-con e-parent\" data-id=\"6b54388\" data-element_type=\"container\" data-settings=\"{&quot;content_width&quot;:&quot;boxed&quot;}\" data-core-v316-plus=\"true\">\n\t\t\t\t\t<div class=\"e-con-inner\">\n\t\t\t\t\t<\/div>\n\t\t\t\t<\/div>\n\t\t\t\t\t\t\t<\/div>\n\t\t","protected":false},"excerpt":{"rendered":"<p>Parafia Rzymsko-Katolicka pw. Narodzenia \u015aw. Jana Chrzciciela w Leszczawie Dolnej realizuje projekt pn. \u201eDost\u0119pna<span class=\"more-dots\">&#8230;<\/span><\/p>\n","protected":false},"author":1,"featured_media":0,"parent":0,"menu_order":0,"comment_status":"closed","ping_status":"closed","template":"","meta":{"footnotes":""},"class_list":["post-146","page","type-page","status-publish","hentry","no-post-thumbnail"],"_links":{"self":[{"href":"https:\/\/leszczawadolna.przemyska.pl\/index.php\/wp-json\/wp\/v2\/pages\/146","targetHints":{"allow":["GET"]}}],"collection":[{"href":"https:\/\/leszczawadolna.przemyska.pl\/index.php\/wp-json\/wp\/v2\/pages"}],"about":[{"href":"https:\/\/leszczawadolna.przemyska.pl\/index.php\/wp-json\/wp\/v2\/types\/page"}],"author":[{"embeddable":true,"href":"https:\/\/leszczawadolna.przemyska.pl\/index.php\/wp-json\/wp\/v2\/users\/1"}],"replies":[{"embeddable":true,"href":"https:\/\/leszczawadolna.przemyska.pl\/index.php\/wp-json\/wp\/v2\/comments?post=146"}],"version-history":[{"count":4,"href":"https:\/\/leszczawadolna.przemyska.pl\/index.php\/wp-json\/wp\/v2\/pages\/146\/revisions"}],"predecessor-version":[{"id":153,"href":"https:\/\/leszczawadolna.przemyska.pl\/index.php\/wp-json\/wp\/v2\/pages\/146\/revisions\/153"}],"wp:attachment":[{"href":"https:\/\/leszczawadolna.przemyska.pl\/index.php\/wp-json\/wp\/v2\/media?parent=146"}],"curies":[{"name":"wp","href":"https:\/\/api.w.org\/{rel}","templated":true}]}}