{"id":57,"date":"2023-12-18T08:37:20","date_gmt":"2023-12-18T07:37:20","guid":{"rendered":"https:\/\/leszczawadolna.przemyska.pl\/?page_id=57"},"modified":"2023-12-18T08:54:33","modified_gmt":"2023-12-18T07:54:33","slug":"msze-swiete","status":"publish","type":"page","link":"https:\/\/leszczawadolna.przemyska.pl\/index.php\/msze-swiete\/","title":{"rendered":"Msze \u015awi\u0119te"},"content":{"rendered":"\t\t<div data-elementor-type=\"wp-page\" data-elementor-id=\"57\" class=\"elementor elementor-57\">\n\t\t\t\t\t\t\t<div class=\"elementor-element elementor-element-4fe277e e-flex e-con-boxed e-con e-parent\" data-id=\"4fe277e\" data-element_type=\"container\" data-settings=\"{&quot;content_width&quot;:&quot;boxed&quot;}\" data-core-v316-plus=\"true\">\n\t\t\t\t\t<div class=\"e-con-inner\">\n\t\t\t\t<div class=\"elementor-element elementor-element-dc9fd24 elementor-widget elementor-widget-text-editor\" data-id=\"dc9fd24\" data-element_type=\"widget\" data-widget_type=\"text-editor.default\">\n\t\t\t\t<div class=\"elementor-widget-container\">\n\t\t\t<style>\/*! elementor - v3.18.0 - 08-12-2023 *\/\n.elementor-widget-text-editor.elementor-drop-cap-view-stacked .elementor-drop-cap{background-color:#69727d;color:#fff}.elementor-widget-text-editor.elementor-drop-cap-view-framed .elementor-drop-cap{color:#69727d;border:3px solid;background-color:transparent}.elementor-widget-text-editor:not(.elementor-drop-cap-view-default) .elementor-drop-cap{margin-top:8px}.elementor-widget-text-editor:not(.elementor-drop-cap-view-default) .elementor-drop-cap-letter{width:1em;height:1em}.elementor-widget-text-editor .elementor-drop-cap{float:left;text-align:center;line-height:1;font-size:50px}.elementor-widget-text-editor .elementor-drop-cap-letter{display:inline-block}<\/style>\t\t\t\t<p><strong><span style=\"color: var( --e-global-color-text ); font-family: var( --e-global-typography-text-font-family ), Sans-serif; text-align: var(--text-align); letter-spacing: 0.02em;\">Msze \u015bwi\u0119te w niedziel\u0119:<\/span><\/strong><\/p>\n<p><strong>8:00, <br>9:30 &#8211; Msza odprawiana w miejscowo\u015bci Leszczawka,<br>11:30<\/strong><\/p>\n<p><strong><br><\/strong><\/p>\n<p><strong><\/strong><\/p>\n<p><strong>Msze \u015bwi\u0119te w dni powszednie:<\/strong><\/p>\n<p><strong>18:00 (w okresie zimowym 17:00)<\/strong><\/p>\t\t\t\t\t\t<\/div>\n\t\t\t\t<\/div>\n\t\t\t\t\t<\/div>\n\t\t\t\t<\/div>\n\t\t\t\t\t\t\t<\/div>\n\t\t","protected":false},"excerpt":{"rendered":"<p>Msze \u015bwi\u0119te w niedziel\u0119: 8:00, 9:30 &#8211; Msza odprawiana w miejscowo\u015bci Leszczawka,11:30 Msze \u015bwi\u0119te<span class=\"more-dots\">&#8230;<\/span><\/p>\n","protected":false},"author":1,"featured_media":0,"parent":0,"menu_order":0,"comment_status":"closed","ping_status":"closed","template":"","meta":{"footnotes":""},"class_list":["post-57","page","type-page","status-publish","hentry","no-post-thumbnail"],"_links":{"self":[{"href":"https:\/\/leszczawadolna.przemyska.pl\/index.php\/wp-json\/wp\/v2\/pages\/57","targetHints":{"allow":["GET"]}}],"collection":[{"href":"https:\/\/leszczawadolna.przemyska.pl\/index.php\/wp-json\/wp\/v2\/pages"}],"about":[{"href":"https:\/\/leszczawadolna.przemyska.pl\/index.php\/wp-json\/wp\/v2\/types\/page"}],"author":[{"embeddable":true,"href":"https:\/\/leszczawadolna.przemyska.pl\/index.php\/wp-json\/wp\/v2\/users\/1"}],"replies":[{"embeddable":true,"href":"https:\/\/leszczawadolna.przemyska.pl\/index.php\/wp-json\/wp\/v2\/comments?post=57"}],"version-history":[{"count":13,"href":"https:\/\/leszczawadolna.przemyska.pl\/index.php\/wp-json\/wp\/v2\/pages\/57\/revisions"}],"predecessor-version":[{"id":82,"href":"https:\/\/leszczawadolna.przemyska.pl\/index.php\/wp-json\/wp\/v2\/pages\/57\/revisions\/82"}],"wp:attachment":[{"href":"https:\/\/leszczawadolna.przemyska.pl\/index.php\/wp-json\/wp\/v2\/media?parent=57"}],"curies":[{"name":"wp","href":"https:\/\/api.w.org\/{rel}","templated":true}]}}